{"id":172,"date":"2021-01-19T19:35:27","date_gmt":"2021-01-19T19:35:27","guid":{"rendered":"https:\/\/gaffel-drachen.de\/?page_id=172"},"modified":"2021-09-06T08:21:34","modified_gmt":"2021-09-06T08:21:34","slug":"die-idee","status":"publish","type":"page","link":"https:\/\/gaffel-drachen.de\/index.php\/die-idee\/","title":{"rendered":"Die Idee"},"content":{"rendered":"\n<p>Alles beginnt mit einer ersten Idee, die man dann ganz oft zun\u00e4chst f\u00fcr absurd und auch f\u00fcr sich beh\u00e4lt. Und so denkt man weiter dar\u00fcber nach, bis man sich traut, mit jemandem dar\u00fcber auch zu sprechen.<\/p>\n\n\n\n<figure class=\"wp-block-image size-large\"><img decoding=\"async\" loading=\"lazy\" width=\"1024\" height=\"1021\" src=\"https:\/\/gaffel-drachen.de\/wp-content\/uploads\/2021\/01\/Umbau-erste-Idee-1024x1021.jpg\" alt=\"\" class=\"wp-image-174\" srcset=\"https:\/\/gaffel-drachen.de\/wp-content\/uploads\/2021\/01\/Umbau-erste-Idee-1024x1021.jpg 1024w, https:\/\/gaffel-drachen.de\/wp-content\/uploads\/2021\/01\/Umbau-erste-Idee-300x300.jpg 300w, https:\/\/gaffel-drachen.de\/wp-content\/uploads\/2021\/01\/Umbau-erste-Idee-150x150.jpg 150w, https:\/\/gaffel-drachen.de\/wp-content\/uploads\/2021\/01\/Umbau-erste-Idee-768x766.jpg 768w, https:\/\/gaffel-drachen.de\/wp-content\/uploads\/2021\/01\/Umbau-erste-Idee-1536x1532.jpg 1536w, https:\/\/gaffel-drachen.de\/wp-content\/uploads\/2021\/01\/Umbau-erste-Idee-800x798.jpg 800w, https:\/\/gaffel-drachen.de\/wp-content\/uploads\/2021\/01\/Umbau-erste-Idee.jpg 1632w\" sizes=\"(max-width: 1024px) 100vw, 1024px\" \/><figcaption><strong>der erste Entwurf<\/strong><\/figcaption><\/figure>\n\n\n\n<p>Im Textverarbeitungs- und Zeichenprogramm mal schnell skizziert, finden wir die Idee immer noch gut. Also los!<\/p>\n\n\n\n<p>Wenn man dann noch zuf\u00e4llig herausfindet, dass nur 3km vor der eigenen Haust\u00fcr eine kleine, aber feine Holzbootswerft ihre Werkstatt hat, dann ist das ein Zeichen. Dann sollte man handeln.<\/p>\n\n\n\n<p>So sind wir dann eines Tages mal bei Rolf Kr\u00fcger in Halstenbek reinspaziert und habe ihm unsere Pl\u00e4ne gezeigt. <\/p>\n\n\n\n<p>Die Reaktion: &#8222;Es gibt also doch noch Verr\u00fcckte!&#8220;<\/p>\n\n\n\n<p>&#8222;Habt ihr Lust dazu?&#8220;<\/p>\n\n\n\n<p>&#8222;Na klar!&#8220;<\/p>\n\n\n\n<p>&#8222;Wie fangen wir es an? Was wird es kosten?&#8220;<\/p>\n\n\n\n<p>&#8222;Zuerst sollten wir es rechnen lassen&#8220;<\/p>\n\n\n\n<p>Marc-Oliver von Ahlen aus meiner Heimatstadt Kappeln konnte uns dann best\u00e4tigen, dass es funktionieren k\u00f6nnte. So entstand aus der Idee ein Plan.<\/p>\n\n\n\n<figure class=\"wp-block-gallery columns-2 is-cropped wp-block-gallery-1 is-layout-flex\"><ul class=\"blocks-gallery-grid\"><li class=\"blocks-gallery-item\"><figure><img decoding=\"async\" loading=\"lazy\" width=\"725\" height=\"1024\" src=\"https:\/\/gaffel-drachen.de\/wp-content\/uploads\/2021\/09\/Spec-Seite-1-725x1024.jpg\" alt=\"\" data-id=\"519\" data-link=\"https:\/\/gaffel-drachen.de\/index.php\/die-idee\/spec-seite-1\/\" class=\"wp-image-519\" srcset=\"https:\/\/gaffel-drachen.de\/wp-content\/uploads\/2021\/09\/Spec-Seite-1-725x1024.jpg 725w, https:\/\/gaffel-drachen.de\/wp-content\/uploads\/2021\/09\/Spec-Seite-1-768x1085.jpg 768w, https:\/\/gaffel-drachen.de\/wp-content\/uploads\/2021\/09\/Spec-Seite-1-1087x1536.jpg 1087w, https:\/\/gaffel-drachen.de\/wp-content\/uploads\/2021\/09\/Spec-Seite-1-800x1131.jpg 800w, https:\/\/gaffel-drachen.de\/wp-content\/uploads\/2021\/09\/Spec-Seite-1.jpg 1367w\" sizes=\"(max-width: 725px) 100vw, 725px\" \/><\/figure><\/li><li class=\"blocks-gallery-item\"><figure><img decoding=\"async\" loading=\"lazy\" width=\"723\" height=\"1024\" src=\"https:\/\/gaffel-drachen.de\/wp-content\/uploads\/2021\/09\/Spec-Seite-2-723x1024.jpg\" alt=\"\" data-id=\"520\" data-full-url=\"https:\/\/gaffel-drachen.de\/wp-content\/uploads\/2021\/09\/Spec-Seite-2.jpg\" data-link=\"https:\/\/gaffel-drachen.de\/index.php\/die-idee\/spec-seite-2\/\" class=\"wp-image-520\" srcset=\"https:\/\/gaffel-drachen.de\/wp-content\/uploads\/2021\/09\/Spec-Seite-2-723x1024.jpg 723w, https:\/\/gaffel-drachen.de\/wp-content\/uploads\/2021\/09\/Spec-Seite-2-768x1087.jpg 768w, https:\/\/gaffel-drachen.de\/wp-content\/uploads\/2021\/09\/Spec-Seite-2-1085x1536.jpg 1085w, https:\/\/gaffel-drachen.de\/wp-content\/uploads\/2021\/09\/Spec-Seite-2-800x1132.jpg 800w, https:\/\/gaffel-drachen.de\/wp-content\/uploads\/2021\/09\/Spec-Seite-2.jpg 1365w\" sizes=\"(max-width: 723px) 100vw, 723px\" \/><\/figure><\/li><\/ul><\/figure>\n\n\n\n<p>Und aus dem Plan ein Vorhaben.<\/p>\n\n\n\n<p>Der n\u00e4chste Schritt war, einen geeigneten Rumpf zu finden.<\/p>\n","protected":false},"excerpt":{"rendered":"<p>Alles beginnt mit einer ersten Idee, die man dann ganz oft zun\u00e4chst f\u00fcr absurd und auch f\u00fcr sich beh\u00e4lt. Und so denkt man weiter dar\u00fcber nach, bis man sich traut, mit jemandem dar\u00fcber auch zu sprechen. Im Textverarbeitungs- und Zeichenprogramm mal schnell skizziert, finden wir die Idee immer noch gut. Also los! Wenn man dann noch zuf\u00e4llig herausfindet, dass nur<\/p>\n<p><a class=\"more-link\" href=\"https:\/\/gaffel-drachen.de\/index.php\/die-idee\/\">Weiterlesen<\/a><\/p>\n","protected":false},"author":1,"featured_media":0,"parent":0,"menu_order":0,"comment_status":"closed","ping_status":"closed","template":"","meta":[],"_links":{"self":[{"href":"https:\/\/gaffel-drachen.de\/index.php\/wp-json\/wp\/v2\/pages\/172"}],"collection":[{"href":"https:\/\/gaffel-drachen.de\/index.php\/wp-json\/wp\/v2\/pages"}],"about":[{"href":"https:\/\/gaffel-drachen.de\/index.php\/wp-json\/wp\/v2\/types\/page"}],"author":[{"embeddable":true,"href":"https:\/\/gaffel-drachen.de\/index.php\/wp-json\/wp\/v2\/users\/1"}],"replies":[{"embeddable":true,"href":"https:\/\/gaffel-drachen.de\/index.php\/wp-json\/wp\/v2\/comments?post=172"}],"version-history":[{"count":11,"href":"https:\/\/gaffel-drachen.de\/index.php\/wp-json\/wp\/v2\/pages\/172\/revisions"}],"predecessor-version":[{"id":522,"href":"https:\/\/gaffel-drachen.de\/index.php\/wp-json\/wp\/v2\/pages\/172\/revisions\/522"}],"wp:attachment":[{"href":"https:\/\/gaffel-drachen.de\/index.php\/wp-json\/wp\/v2\/media?parent=172"}],"curies":[{"name":"wp","href":"https:\/\/api.w.org\/{rel}","templated":true}]}}