{"id":187,"date":"2021-01-22T20:54:42","date_gmt":"2021-01-22T20:54:42","guid":{"rendered":"https:\/\/gaffel-drachen.de\/?page_id=187"},"modified":"2021-02-04T20:30:23","modified_gmt":"2021-02-04T20:30:23","slug":"e-antrieb","status":"publish","type":"page","link":"https:\/\/gaffel-drachen.de\/index.php\/e-antrieb\/","title":{"rendered":"E-Antrieb"},"content":{"rendered":"\n<p>Eigentlich wollten wir gar keinen Motor f\u00fcr unser Segelboot haben. <\/p>\n\n\n\n<p><strong>In einem Tidengew\u00e4sser ben\u00f6tigt der Segler nur einen guten Anker und gen\u00fcgend Zeit, dann kommt er immer an sein Ziel.<\/strong><\/p>\n\n\n\n<p>Im ersten Jahr auf der Elbe haben wir es auch wirklich nur mit Paddeln (und ab und zu einer Abschleppleine) geschafft, immer wieder heil in unseren Zielhafen zu segeln. Wenn man sich beim Segeln keinen Zeitplan macht, ist man auch immer p\u00fcnktlich.<\/p>\n\n\n\n<p>Da die Kinder aber noch klein waren und wir nicht immer bis sp\u00e4t in die Nacht auf das Kentern der Tide warten konnten, haben wir uns dann einen Elektroau\u00dfenborder zugelegt. Ein 1000W Motor war wirklich ausreichend und meist haben wir die Batterie, die etwa 20 Minuten Vollgas erlaubte, mit 90% Ladung wieder mit nach Hause genommen. Zum An- und Ablegen hat er immer gut ausgereicht. Streckefahren oder gar gegen die Str\u00f6mung ein paar Seemeilen \u00fcber Grund zu machen, war aber unm\u00f6glich. Wir haben es auch nie gebraucht. <\/p>\n\n\n\n<p>Wir fanden ihn nur nicht sch\u00f6n. Und schon gar nicht passend zu einem Holzboot. Er schleifte ja auch in der Hecksee und so haben wir ihn immer, so schnell es ging, versteckt. <\/p>\n\n\n\n<p>Vier Jahre ging das gut. Als die Kinder nicht mehr so oft mitkamen, wollten wir das Boot so umbauen, das einer es allein fahren kann. Das funktionierte mit dem Au\u00dfenborder so weit entfernt vom Cockpit und der Pinne nicht.<\/p>\n\n\n\n<p>Am besten hatten uns schon immer die neuen Ringpropeller gefallen. Sehr einfache effektive Maschinen, die unter den Rumpf geschraubt werden und nur wenig vom sch\u00f6nen Holz opfern.<\/p>\n\n\n\n<figure class=\"wp-block-image size-large\"><img decoding=\"async\" loading=\"lazy\" width=\"1024\" height=\"768\" src=\"https:\/\/gaffel-drachen.de\/wp-content\/uploads\/2021\/01\/IMG_0637-1024x768.jpg\" alt=\"\" class=\"wp-image-246\" srcset=\"https:\/\/gaffel-drachen.de\/wp-content\/uploads\/2021\/01\/IMG_0637-1024x768.jpg 1024w, https:\/\/gaffel-drachen.de\/wp-content\/uploads\/2021\/01\/IMG_0637-300x225.jpg 300w, https:\/\/gaffel-drachen.de\/wp-content\/uploads\/2021\/01\/IMG_0637-768x576.jpg 768w, https:\/\/gaffel-drachen.de\/wp-content\/uploads\/2021\/01\/IMG_0637-1536x1152.jpg 1536w, https:\/\/gaffel-drachen.de\/wp-content\/uploads\/2021\/01\/IMG_0637-2048x1536.jpg 2048w, https:\/\/gaffel-drachen.de\/wp-content\/uploads\/2021\/01\/IMG_0637-800x600.jpg 800w, https:\/\/gaffel-drachen.de\/wp-content\/uploads\/2021\/01\/IMG_0637-400x300.jpg 400w\" sizes=\"(max-width: 1024px) 100vw, 1024px\" \/><figcaption>Ein 4 kW Ringpropeller direkt hinter dem Ruderblatt<\/figcaption><\/figure>\n\n\n\n<div style=\"height:52px\" aria-hidden=\"true\" class=\"wp-block-spacer\"><\/div>\n\n\n\n<h2 class=\"wp-block-heading\">Weiter geht es mit:<\/h2>\n\n\n\n<div class=\"wp-block-buttons is-layout-flex\">\n<div class=\"wp-block-button\"><a class=\"wp-block-button__link\" href=\"https:\/\/gaffel-drachen.de\/index.php\/elektro-verbrenner\/\">Elektro gegen Verbrenner<\/a><\/div>\n\n\n\n<div class=\"wp-block-button\"><a class=\"wp-block-button__link\" href=\"https:\/\/gaffel-drachen.de\/index.php\/motorauswahl\/\">Motorauswahl<\/a><\/div>\n\n\n\n<div class=\"wp-block-button\"><a class=\"wp-block-button__link\" href=\"https:\/\/gaffel-drachen.de\/index.php\/motors-und-technik\/\">Motor und Technik<\/a><\/div>\n<\/div>\n","protected":false},"excerpt":{"rendered":"<p>Eigentlich wollten wir gar keinen Motor f\u00fcr unser Segelboot haben. In einem Tidengew\u00e4sser ben\u00f6tigt der Segler nur einen guten Anker und gen\u00fcgend Zeit, dann kommt er immer an sein Ziel. Im ersten Jahr auf der Elbe haben wir es auch wirklich nur mit Paddeln (und ab und zu einer Abschleppleine) geschafft, immer wieder heil in unseren Zielhafen zu segeln. Wenn<\/p>\n<p><a class=\"more-link\" href=\"https:\/\/gaffel-drachen.de\/index.php\/e-antrieb\/\">Weiterlesen<\/a><\/p>\n","protected":false},"author":1,"featured_media":0,"parent":0,"menu_order":0,"comment_status":"closed","ping_status":"closed","template":"","meta":[],"_links":{"self":[{"href":"https:\/\/gaffel-drachen.de\/index.php\/wp-json\/wp\/v2\/pages\/187"}],"collection":[{"href":"https:\/\/gaffel-drachen.de\/index.php\/wp-json\/wp\/v2\/pages"}],"about":[{"href":"https:\/\/gaffel-drachen.de\/index.php\/wp-json\/wp\/v2\/types\/page"}],"author":[{"embeddable":true,"href":"https:\/\/gaffel-drachen.de\/index.php\/wp-json\/wp\/v2\/users\/1"}],"replies":[{"embeddable":true,"href":"https:\/\/gaffel-drachen.de\/index.php\/wp-json\/wp\/v2\/comments?post=187"}],"version-history":[{"count":6,"href":"https:\/\/gaffel-drachen.de\/index.php\/wp-json\/wp\/v2\/pages\/187\/revisions"}],"predecessor-version":[{"id":497,"href":"https:\/\/gaffel-drachen.de\/index.php\/wp-json\/wp\/v2\/pages\/187\/revisions\/497"}],"wp:attachment":[{"href":"https:\/\/gaffel-drachen.de\/index.php\/wp-json\/wp\/v2\/media?parent=187"}],"curies":[{"name":"wp","href":"https:\/\/api.w.org\/{rel}","templated":true}]}}