{"id":450,"date":"2021-02-03T12:48:32","date_gmt":"2021-02-03T12:48:32","guid":{"rendered":"https:\/\/gaffel-drachen.de\/?page_id=450"},"modified":"2023-06-13T18:57:58","modified_gmt":"2023-06-13T18:57:58","slug":"elektro-verbrenner","status":"publish","type":"page","link":"https:\/\/gaffel-drachen.de\/index.php\/elektro-verbrenner\/","title":{"rendered":"Elektro gegen Verbrenner"},"content":{"rendered":"\n<p>Magst du Physik?  Wir schon. Sie erkl\u00e4rt uns, was um uns herum passiert. Das Sch\u00f6ne ist, es funktioniert auch, ohne dass wir es verstehen.<\/p>\n\n\n\n<p>Hier haben wir etwas Theorie f\u00fcr dich.<\/p>\n\n\n<div class=\"wp-block-image\">\n<figure class=\"aligncenter size-large is-resized\"><img decoding=\"async\" loading=\"lazy\" src=\"https:\/\/gaffel-drachen.de\/wp-content\/uploads\/2021\/02\/Leistungsbereich-Elektromotor-788x1024.jpg\" alt=\"\" class=\"wp-image-451\" width=\"394\" height=\"512\" srcset=\"https:\/\/gaffel-drachen.de\/wp-content\/uploads\/2021\/02\/Leistungsbereich-Elektromotor-788x1024.jpg 788w, https:\/\/gaffel-drachen.de\/wp-content\/uploads\/2021\/02\/Leistungsbereich-Elektromotor-768x999.jpg 768w, https:\/\/gaffel-drachen.de\/wp-content\/uploads\/2021\/02\/Leistungsbereich-Elektromotor-1181x1536.jpg 1181w, https:\/\/gaffel-drachen.de\/wp-content\/uploads\/2021\/02\/Leistungsbereich-Elektromotor-800x1040.jpg 800w, https:\/\/gaffel-drachen.de\/wp-content\/uploads\/2021\/02\/Leistungsbereich-Elektromotor.jpg 1459w\" sizes=\"(max-width: 394px) 100vw, 394px\" \/><figcaption class=\"wp-element-caption\">Leistungsdiagramm: Drehmoment aufgetragen \u00fcber der Drehzahl<\/figcaption><\/figure><\/div>\n\n\n<p>In diesem Diagramm siehst du den Arbeitsbereich eines Elektromotors. Auf der Y-Achse ist das Drehmoment an der Welle und auf der X-Achse die Drehzahl an der Welle. <\/p>\n\n\n\n<p>Ein Motor, der langsam dreht und eine hohe Kraft besitzt, hat die gleiche Leistung wie ein Motor mit einer kleineren Kraft, der daf\u00fcr schnell dreht. Der Elektromotor kann beides (und auch alles dazwischen). Daher braucht er meist gar kein Getriebe.<\/p>\n\n\n<div class=\"wp-block-image\">\n<figure class=\"aligncenter size-large is-resized\"><img decoding=\"async\" loading=\"lazy\" src=\"https:\/\/gaffel-drachen.de\/wp-content\/uploads\/2021\/02\/Verbrenner-Maximale-Leistung-nur-an-einem-Punkt-793x1024.jpg\" alt=\"\" class=\"wp-image-452\" width=\"397\" height=\"512\" srcset=\"https:\/\/gaffel-drachen.de\/wp-content\/uploads\/2021\/02\/Verbrenner-Maximale-Leistung-nur-an-einem-Punkt-793x1024.jpg 793w, https:\/\/gaffel-drachen.de\/wp-content\/uploads\/2021\/02\/Verbrenner-Maximale-Leistung-nur-an-einem-Punkt-768x992.jpg 768w, https:\/\/gaffel-drachen.de\/wp-content\/uploads\/2021\/02\/Verbrenner-Maximale-Leistung-nur-an-einem-Punkt-1189x1536.jpg 1189w, https:\/\/gaffel-drachen.de\/wp-content\/uploads\/2021\/02\/Verbrenner-Maximale-Leistung-nur-an-einem-Punkt-800x1033.jpg 800w, https:\/\/gaffel-drachen.de\/wp-content\/uploads\/2021\/02\/Verbrenner-Maximale-Leistung-nur-an-einem-Punkt.jpg 1484w\" sizes=\"(max-width: 397px) 100vw, 397px\" \/><\/figure><\/div>\n\n\n<p>Der Verbrennungsmotor kann das nicht. Bis zur Leerlaufdrehzahl hat er nur Kraft f\u00fcr sich selbst &#8211; danach steigt seine Leistungsbereitschaft bis zum Punkt der maximalen Leistung und dann ist meistens sofort Schluss. Ein typischer 8PS Au\u00dfenborder hat gerade mal 10Nm Drehmoment bei 4800U\/min anzubieten.<\/p>\n\n\n\n<p>Ein Propeller, der sich im Wasser drehen soll, ben\u00f6tigt aber von Anfang an Kraft (Drehmoment) und diese Kraft steigt dann auch noch quadratisch mit der Drehzahl an. (Dadurch nimmt der Leistungsbedarf \u00fcbrigens kubisch zu).<\/p>\n\n\n<div class=\"wp-block-image\">\n<figure class=\"aligncenter size-large is-resized\"><img decoding=\"async\" loading=\"lazy\" src=\"https:\/\/gaffel-drachen.de\/wp-content\/uploads\/2021\/02\/Propellerkannlinie-M140-783x1024.jpg\" alt=\"\" class=\"wp-image-454\" width=\"392\" height=\"512\" srcset=\"https:\/\/gaffel-drachen.de\/wp-content\/uploads\/2021\/02\/Propellerkannlinie-M140-783x1024.jpg 783w, https:\/\/gaffel-drachen.de\/wp-content\/uploads\/2021\/02\/Propellerkannlinie-M140-768x1004.jpg 768w, https:\/\/gaffel-drachen.de\/wp-content\/uploads\/2021\/02\/Propellerkannlinie-M140-1175x1536.jpg 1175w, https:\/\/gaffel-drachen.de\/wp-content\/uploads\/2021\/02\/Propellerkannlinie-M140-800x1046.jpg 800w, https:\/\/gaffel-drachen.de\/wp-content\/uploads\/2021\/02\/Propellerkannlinie-M140.jpg 1459w\" sizes=\"(max-width: 392px) 100vw, 392px\" \/><figcaption class=\"wp-element-caption\">Messreihe in 100U\/min Schritten an einem 140er Ringpropeller im Wasserbecken<\/figcaption><\/figure><\/div>\n\n\n<p>Um einen vern\u00fcnftigen Propeller antreiben zu k\u00f6nnen, muss der Leistungsbereich eines Verbrenners also durch ein Getriebe in niedrigere Drehzahlen verlegt werden.<\/p>\n\n\n<div class=\"wp-block-image\">\n<figure class=\"aligncenter size-large is-resized\"><img decoding=\"async\" loading=\"lazy\" src=\"https:\/\/gaffel-drachen.de\/wp-content\/uploads\/2021\/02\/ein-Getriebe-muss-her-780x1024.jpg\" alt=\"\" class=\"wp-image-453\" width=\"390\" height=\"512\" srcset=\"https:\/\/gaffel-drachen.de\/wp-content\/uploads\/2021\/02\/ein-Getriebe-muss-her-780x1024.jpg 780w, https:\/\/gaffel-drachen.de\/wp-content\/uploads\/2021\/02\/ein-Getriebe-muss-her-768x1009.jpg 768w, https:\/\/gaffel-drachen.de\/wp-content\/uploads\/2021\/02\/ein-Getriebe-muss-her-1170x1536.jpg 1170w, https:\/\/gaffel-drachen.de\/wp-content\/uploads\/2021\/02\/ein-Getriebe-muss-her-800x1051.jpg 800w, https:\/\/gaffel-drachen.de\/wp-content\/uploads\/2021\/02\/ein-Getriebe-muss-her.jpg 1462w\" sizes=\"(max-width: 390px) 100vw, 390px\" \/><figcaption class=\"wp-element-caption\">Typische Getriebe\u00fcbersetzung eines Au\u00dfenborders<\/figcaption><\/figure><\/div>\n\n\n<p>Dadurch hat er aber nicht mehr Leistung &#8211; sondern nur mehr Kraft. Genau genommen hat er dadurch sogar weniger Leistung, denn im Getriebe geht etwas davon als W\u00e4rme verloren (ca. 6%).<\/p>\n\n\n\n<p>Der Verbrennungsmotor hat also nie eine komplette Leistungshyperbel. Da er bei geringen Drehzahlen nur geringe Kraft hat, ist seine Leistung hier besonders gering.<\/p>\n\n\n<div class=\"wp-block-image\">\n<figure class=\"aligncenter size-large is-resized\"><img decoding=\"async\" loading=\"lazy\" src=\"https:\/\/gaffel-drachen.de\/wp-content\/uploads\/2021\/02\/Getriebe-781x1024.jpg\" alt=\"\" class=\"wp-image-455\" width=\"391\" height=\"512\" srcset=\"https:\/\/gaffel-drachen.de\/wp-content\/uploads\/2021\/02\/Getriebe-781x1024.jpg 781w, https:\/\/gaffel-drachen.de\/wp-content\/uploads\/2021\/02\/Getriebe-768x1007.jpg 768w, https:\/\/gaffel-drachen.de\/wp-content\/uploads\/2021\/02\/Getriebe-1172x1536.jpg 1172w, https:\/\/gaffel-drachen.de\/wp-content\/uploads\/2021\/02\/Getriebe-800x1049.jpg 800w, https:\/\/gaffel-drachen.de\/wp-content\/uploads\/2021\/02\/Getriebe.jpg 1468w\" sizes=\"(max-width: 391px) 100vw, 391px\" \/><figcaption class=\"wp-element-caption\">Das Getriebe wandelt Drehzahl gegen Drehkraft unter leichten Verlusten<\/figcaption><\/figure><\/div>\n\n\n<p>Die gestrichelte blaue Linie zeigt die Leistungsgrenze des Verbrennungsmotors. Die gr\u00fcn-gestrichelte Linie zeigt, wie sie durch das Getriebe verschoben wird. Die schwarz-gestrichelten Linien sind Hyperbeln gleicher Leistung.<\/p>\n\n\n\n<p>F\u00fcr den Idealfall l\u00e4sst sich der Propeller passend zu Motor und Getriebe optimieren. Die Bootsgeschwindigkeit durch das Wasser ist auch noch wichtig f\u00fcr die Idealabstimmung.<\/p>\n\n\n<div class=\"wp-block-image\">\n<figure class=\"aligncenter size-large is-resized\"><img decoding=\"async\" loading=\"lazy\" src=\"https:\/\/gaffel-drachen.de\/wp-content\/uploads\/2021\/02\/Idealabstimmung-Verbrenner-779x1024.jpg\" alt=\"\" class=\"wp-image-456\" width=\"390\" height=\"512\" srcset=\"https:\/\/gaffel-drachen.de\/wp-content\/uploads\/2021\/02\/Idealabstimmung-Verbrenner-779x1024.jpg 779w, https:\/\/gaffel-drachen.de\/wp-content\/uploads\/2021\/02\/Idealabstimmung-Verbrenner-768x1009.jpg 768w, https:\/\/gaffel-drachen.de\/wp-content\/uploads\/2021\/02\/Idealabstimmung-Verbrenner-1169x1536.jpg 1169w, https:\/\/gaffel-drachen.de\/wp-content\/uploads\/2021\/02\/Idealabstimmung-Verbrenner-800x1051.jpg 800w, https:\/\/gaffel-drachen.de\/wp-content\/uploads\/2021\/02\/Idealabstimmung-Verbrenner.jpg 1458w\" sizes=\"(max-width: 390px) 100vw, 390px\" \/><figcaption class=\"wp-element-caption\">Idealabstimmung &#8211; der Propeller reizt die Leistungskurve maximal aus<\/figcaption><\/figure><\/div>\n\n\n<p>Wenn sich jetzt aber etwas an den Idealbedingungen \u00e4ndert, bleibt der Verbrennungsmotor weit von seiner theoretischen Leistungsf\u00e4higkeit entfernt. Er ist nicht elastisch genug, um auf Ver\u00e4nderungen reagieren zu k\u00f6nnen. (Man br\u00e4uchte ein Getriebe mit verschiedenen G\u00e4ngen).<\/p>\n\n\n\n<p>Aus dem Grund werden Verbrennungsmotoren f\u00fcr Boote meist viel h\u00f6her ausgelegt als eigentlich n\u00f6tig. (Damit du immer unterhalb der Leistungskurve propellern kannst).<\/p>\n\n\n<div class=\"wp-block-image\">\n<figure class=\"aligncenter size-large is-resized\"><img decoding=\"async\" loading=\"lazy\" src=\"https:\/\/gaffel-drachen.de\/wp-content\/uploads\/2021\/02\/Vergleich-Elektro-Verbrenner-778x1024.jpg\" alt=\"\" class=\"wp-image-457\" width=\"389\" height=\"512\" srcset=\"https:\/\/gaffel-drachen.de\/wp-content\/uploads\/2021\/02\/Vergleich-Elektro-Verbrenner-778x1024.jpg 778w, https:\/\/gaffel-drachen.de\/wp-content\/uploads\/2021\/02\/Vergleich-Elektro-Verbrenner-768x1010.jpg 768w, https:\/\/gaffel-drachen.de\/wp-content\/uploads\/2021\/02\/Vergleich-Elektro-Verbrenner-1168x1536.jpg 1168w, https:\/\/gaffel-drachen.de\/wp-content\/uploads\/2021\/02\/Vergleich-Elektro-Verbrenner-800x1052.jpg 800w, https:\/\/gaffel-drachen.de\/wp-content\/uploads\/2021\/02\/Vergleich-Elektro-Verbrenner.jpg 1455w\" sizes=\"(max-width: 389px) 100vw, 389px\" \/><figcaption class=\"wp-element-caption\">Typische Streuung einer Propellerkennlinie<\/figcaption><\/figure><\/div>\n\n\n<p>Jetzt wei\u00dft du auch, warum ein &#8222;kleinerer&#8220; Elektromotor genau so gut sein kann, wie ein st\u00e4rkerer Verbrennungsmotor. Er hat Drehmoment! Immer und fast \u00fcberall. <\/p>\n\n\n\n<p>Und das Beste ist: Bei halber Drehzahl ben\u00f6tigt man ja nur 1\/4 der Kraft und sogar nur 1\/8 der Leistung.  Der Verbrennungsmotor verbraucht 2,5 Liter\/Stunde unter Volllast, 2 L\/h in der Teillast aber weiterhin 1 L\/h selbst im Leerlauf.<\/p>\n\n\n\n<p>Der Elektromotor ist da viel umweltfreundlicher und geht mit der Energie sparsam um. Er &#8222;nimmt sich&#8220; bei halber Drehzahl auch nur 1\/8 der Energie aus der Batterie.<\/p>\n\n\n\n<p><\/p>\n\n\n\n<p>Weiter geht es mit:<\/p>\n\n\n\n<div class=\"wp-block-buttons is-layout-flex\">\n<div class=\"wp-block-button\"><a class=\"wp-block-button__link wp-element-button\" href=\"https:\/\/gaffel-drachen.de\/index.php\/motorauswahl\/\">Motorauswahl<\/a><\/div>\n\n\n\n<div class=\"wp-block-button\"><a class=\"wp-block-button__link wp-element-button\" href=\"https:\/\/gaffel-drachen.de\/index.php\/motors-und-technik\/\">Motor und Technik<\/a><\/div>\n<\/div>\n","protected":false},"excerpt":{"rendered":"<p>Magst du Physik? Wir schon. Sie erkl\u00e4rt uns, was um uns herum passiert. Das Sch\u00f6ne ist, es funktioniert auch, ohne dass wir es verstehen. Hier haben wir etwas Theorie f\u00fcr dich. In diesem Diagramm siehst du den Arbeitsbereich eines Elektromotors. Auf der Y-Achse ist das Drehmoment an der Welle und auf der X-Achse die Drehzahl an der Welle. Ein Motor,<\/p>\n<p><a class=\"more-link\" href=\"https:\/\/gaffel-drachen.de\/index.php\/elektro-verbrenner\/\">Weiterlesen<\/a><\/p>\n","protected":false},"author":1,"featured_media":0,"parent":0,"menu_order":0,"comment_status":"closed","ping_status":"closed","template":"","meta":[],"_links":{"self":[{"href":"https:\/\/gaffel-drachen.de\/index.php\/wp-json\/wp\/v2\/pages\/450"}],"collection":[{"href":"https:\/\/gaffel-drachen.de\/index.php\/wp-json\/wp\/v2\/pages"}],"about":[{"href":"https:\/\/gaffel-drachen.de\/index.php\/wp-json\/wp\/v2\/types\/page"}],"author":[{"embeddable":true,"href":"https:\/\/gaffel-drachen.de\/index.php\/wp-json\/wp\/v2\/users\/1"}],"replies":[{"embeddable":true,"href":"https:\/\/gaffel-drachen.de\/index.php\/wp-json\/wp\/v2\/comments?post=450"}],"version-history":[{"count":9,"href":"https:\/\/gaffel-drachen.de\/index.php\/wp-json\/wp\/v2\/pages\/450\/revisions"}],"predecessor-version":[{"id":546,"href":"https:\/\/gaffel-drachen.de\/index.php\/wp-json\/wp\/v2\/pages\/450\/revisions\/546"}],"wp:attachment":[{"href":"https:\/\/gaffel-drachen.de\/index.php\/wp-json\/wp\/v2\/media?parent=450"}],"curies":[{"name":"wp","href":"https:\/\/api.w.org\/{rel}","templated":true}]}}