{"id":51,"date":"2021-01-17T19:25:40","date_gmt":"2021-01-17T19:25:40","guid":{"rendered":"https:\/\/gaffel-drachen.de\/?page_id=51"},"modified":"2021-02-02T19:16:12","modified_gmt":"2021-02-02T19:16:12","slug":"heimathafen","status":"publish","type":"page","link":"https:\/\/gaffel-drachen.de\/","title":{"rendered":"Heimathafen"},"content":{"rendered":"\n<div class=\"wp-block-cover has-white-background-color has-custom-content-position is-position-top-left\" style=\"background-image:url(https:\/\/gaffel-drachen.de\/wp-content\/uploads\/2021\/01\/Smaug-scaled.jpg);background-position:52% 62%\"><div class=\"wp-block-cover__inner-container\">\n<p class=\"has-text-align-left\" style=\"font-size:34px\"><span style=\"color:#0d1f7d\" class=\"has-inline-color\"><sub>Gaffeldrachen hat <\/sub><\/span><br><span style=\"color:#0d1f7d\" class=\"has-inline-color\"><sub>es nie gegeben<\/sub><\/span><\/p>\n<\/div><\/div>\n\n\n\n<p><\/p>\n\n\n\n<figure class=\"wp-block-pullquote\"><blockquote><p>Auch wenn das Boot alt und historisch aussieht:<\/p><p>Wir haben es uns nur ausgedacht und <em>Gaffeldrachen <\/em>getauft.<\/p><cite>Man k\u00f6nnte auch sagen, ein Traum ist Wirklichkeit geworden.<\/cite><\/blockquote><\/figure>\n\n\n\n<p><\/p>\n\n\n\n<p>Wer tr\u00e4umt nicht davon, ein eigenes Boot zu besitzen? Am liebsten doch ein sch\u00f6nes, einfach zu bedienendes, an dem man an jedem Tag Freude hat. Die Kalenderbl\u00e4tter zeigen jedes Jahr wieder die sch\u00f6nsten Boote unter vollen Segeln. Am besten gefallen uns die alten Gaffelkutter. Ein riesig langer Baum mit einem m\u00e4chtigen Gro\u00dfsegel, davor zwei bis drei kleine Vorsegel und \u00fcber allen thront dann noch das Top-Segel und neigt das Boot fast bis auf das Wasser. Das sind Boote, wie sie bis 1920 gebaut und gesegelt wurden. Entsprechend alt sind ihre R\u00fcmpfe. Nur unter besten Bedingungen kann ein Holzrumpf eine so lange Zeit erhalten bleiben. Es hei\u00dft nicht um sonst, ein solches Boot kann man nicht besitzen, sondern man darf es f\u00fcr eine gewisse Zeit pflegen, dann ist der n\u00e4chste dran. Wenn also alle Voreigner sorgsam waren, dann gibt es das Boot noch.<\/p>\n\n\n\n<p>Als Arbeitsboote sind einige Gaffelkutter erhalten geblieben. Arbeitsboote sind meist auch etwas stabiler gebaut und wurden gepflegt, um damit Geld zu verdienen. So konnten sie die Zeit \u00fcberstehen. Doch Rennboote, die mit den eleganten und schlanken R\u00fcmpfen, sind selten. Neuere, schnellere Boote lie\u00dfen das Interesse der Eigner an ihnen verloren gehen. Nur wenige taugten als Fahrtenboote. Bei dem daf\u00fcr n\u00f6tigen Umbau sind viele auf Bermuda oder Marconirigg umgetakelt worden und haben dadurch und durch Aufbauten etwas von ihrer Ausstrahlung verloren. Kleinere Boote, so in der familientauglichen Gr\u00f6\u00dfe, Daysailer, sind sehr selten.<\/p>\n\n\n\n<p>Und da kam uns die Idee: Wenn alte Boote wieder auf Gaffelrigg zur\u00fcckgebaut werden, dann kann man doch auch f\u00fcr ein neueres Boot ein Gaffelrigg entwerfen.<\/p>\n\n\n\n<p>Einen geeigneten Rumpf hat der Drachen: Drachen haben wundersch\u00f6ne Linien. F\u00fcr die Olympiade wurden sie in gro\u00dfen St\u00fcckzahlen gebaut und sind daher verh\u00e4ltnism\u00e4\u00dfig g\u00fcnstig und oft in recht gutem Zustand zu kaufen.<\/p>\n\n\n\n<p>Der Plan reifte also weiter. Wir haben mit einer Wunschliste angefangen. Was sollte alles zu unserem Boot geh\u00f6ren, und was nicht.<\/p>\n","protected":false},"excerpt":{"rendered":"<p>Auch wenn das Boot alt und historisch aussieht: Wir haben es uns nur ausgedacht und Gaffeldrachen getauft. Man k\u00f6nnte auch sagen, ein Traum ist Wirklichkeit geworden. Wer tr\u00e4umt nicht davon, ein eigenes Boot zu besitzen? Am liebsten doch ein sch\u00f6nes, einfach zu bedienendes, an dem man an jedem Tag Freude hat. Die Kalenderbl\u00e4tter zeigen jedes Jahr wieder die sch\u00f6nsten Boote<\/p>\n<p><a class=\"more-link\" href=\"https:\/\/gaffel-drachen.de\/\">Weiterlesen<\/a><\/p>\n","protected":false},"author":1,"featured_media":0,"parent":0,"menu_order":0,"comment_status":"closed","ping_status":"closed","template":"","meta":[],"_links":{"self":[{"href":"https:\/\/gaffel-drachen.de\/index.php\/wp-json\/wp\/v2\/pages\/51"}],"collection":[{"href":"https:\/\/gaffel-drachen.de\/index.php\/wp-json\/wp\/v2\/pages"}],"about":[{"href":"https:\/\/gaffel-drachen.de\/index.php\/wp-json\/wp\/v2\/types\/page"}],"author":[{"embeddable":true,"href":"https:\/\/gaffel-drachen.de\/index.php\/wp-json\/wp\/v2\/users\/1"}],"replies":[{"embeddable":true,"href":"https:\/\/gaffel-drachen.de\/index.php\/wp-json\/wp\/v2\/comments?post=51"}],"version-history":[{"count":14,"href":"https:\/\/gaffel-drachen.de\/index.php\/wp-json\/wp\/v2\/pages\/51\/revisions"}],"predecessor-version":[{"id":375,"href":"https:\/\/gaffel-drachen.de\/index.php\/wp-json\/wp\/v2\/pages\/51\/revisions\/375"}],"wp:attachment":[{"href":"https:\/\/gaffel-drachen.de\/index.php\/wp-json\/wp\/v2\/media?parent=51"}],"curies":[{"name":"wp","href":"https:\/\/api.w.org\/{rel}","templated":true}]}}